{"id":67,"date":"2021-01-31T12:55:12","date_gmt":"2021-01-31T11:55:12","guid":{"rendered":"https:\/\/promatix2021.bueroloewenherz.com\/?page_id=67"},"modified":"2025-12-04T14:37:57","modified_gmt":"2025-12-04T13:37:57","slug":"unternehmen","status":"publish","type":"page","link":"https:\/\/promatix.de\/en\/unternehmen\/","title":{"rendered":"ABOUT US"},"content":{"rendered":"<div data-elementor-type=\"wp-page\" data-elementor-id=\"67\" class=\"elementor elementor-67\" data-elementor-post-type=\"page\">\n\t\t\t\t\t\t<section class=\"elementor-section elementor-top-section elementor-element elementor-element-27e60ccf elementor-section-boxed elementor-section-height-default elementor-section-height-default\" data-id=\"27e60ccf\" data-element_type=\"section\" data-e-type=\"section\">\n\t\t\t\t\t\t<div class=\"elementor-container elementor-column-gap-default\">\n\t\t\t\t\t<div class=\"elementor-column elementor-col-100 elementor-top-column elementor-element elementor-element-16a85826\" data-id=\"16a85826\" data-element_type=\"column\" data-e-type=\"column\">\n\t\t\t<div class=\"elementor-widget-wrap elementor-element-populated\">\n\t\t\t\t\t\t<div class=\"elementor-element elementor-element-7224e4e5 elementor-widget elementor-widget-text-editor\" data-id=\"7224e4e5\" data-element_type=\"widget\" data-e-type=\"widget\" data-widget_type=\"text-editor.default\">\n\t\t\t\t<div class=\"elementor-widget-container\">\n\t\t\t\t\t\t\t\t\t<h5>ABOUT US<\/h5>\t\t\t\t\t\t\t\t<\/div>\n\t\t\t\t<\/div>\n\t\t\t\t<div class=\"elementor-element elementor-element-dfae939 elementor-widget elementor-widget-image\" data-id=\"dfae939\" data-element_type=\"widget\" data-e-type=\"widget\" data-widget_type=\"image.default\">\n\t\t\t\t<div class=\"elementor-widget-container\">\n\t\t\t\t\t\t\t\t\t\t\t\t\t\t\t<img fetchpriority=\"high\" decoding=\"async\" width=\"1020\" height=\"1000\" src=\"https:\/\/promatix.de\/wp-content\/uploads\/2021\/08\/GF_PROX_2.jpg\" class=\"attachment-large size-large wp-image-6237\" alt=\"\" srcset=\"https:\/\/promatix.de\/wp-content\/uploads\/2021\/08\/GF_PROX_2.jpg 1020w, https:\/\/promatix.de\/wp-content\/uploads\/2021\/08\/GF_PROX_2-300x294.jpg 300w, https:\/\/promatix.de\/wp-content\/uploads\/2021\/08\/GF_PROX_2-768x753.jpg 768w, https:\/\/promatix.de\/wp-content\/uploads\/2021\/08\/GF_PROX_2-12x12.jpg 12w\" sizes=\"(max-width: 1020px) 100vw, 1020px\" \/>\t\t\t\t\t\t\t\t\t\t\t\t\t\t\t<\/div>\n\t\t\t\t<\/div>\n\t\t\t\t<div class=\"elementor-element elementor-element-e37847d elementor-widget elementor-widget-text-editor\" data-id=\"e37847d\" data-element_type=\"widget\" data-e-type=\"widget\" data-widget_type=\"text-editor.default\">\n\t\t\t\t<div class=\"elementor-widget-container\">\n\t\t\t\t\t\t\t\t\t<h3>In the beginning was the problem............<\/h3>\t\t\t\t\t\t\t\t<\/div>\n\t\t\t\t<\/div>\n\t\t\t\t<div class=\"elementor-element elementor-element-84e6ea6 elementor-widget elementor-widget-text-editor\" data-id=\"84e6ea6\" data-element_type=\"widget\" data-e-type=\"widget\" data-widget_type=\"text-editor.default\">\n\t\t\t\t<div class=\"elementor-widget-container\">\n\t\t\t\t\t\t\t\t\t<p>As responsible managers at a mechanical engineering company, the founders of PROMATIX, Jochen Alt and Hubert Sch\u00f6nle, often had to deal with machine downtimes at their customers.<br \/>It often turned out that the actual causes for the machine downtimes were not to be found in the machines, but in the organisational environment on site.<\/p><p>This jointly gained insight was the \"birth\" of PROMATIX.<\/p><p>\"We need a system that helps our customers actually keep their automated equipment running for 8 hours in an 8 hour shift\"!<\/p><p>This aspiration has not changed to this day and motivates us every day to continue on the path we have chosen.<\/p><p>After 12 years of experience, the perspective has naturally broadened, and today we say:<\/p><p>\"We offer our customers the tools they need to use their resources effectively in the production area and to avoid waste.<br \/>In doing so, we offer each participant in the value creation process the right tool, depending on the task and function.\"<\/p><p>Today, there is a multitude of terms for this such as - \"Industry 4.0, Smart Factory, digital production, digital factory or quite simply MES\"!<\/p><p>Today, our extensive expertise in mechanical engineering enables us to integrate even older systems, regardless of their origin, quickly and cost-effectively into our Pro X Smart Factory system.<br \/>A heterogeneous machine park is a task that we are happy to solve.<\/p><p>Since we start with the project planning at the plants, the ROI is usually achieved after 3 to 6 months after the start of the project.<\/p>\t\t\t\t\t\t\t\t<\/div>\n\t\t\t\t<\/div>\n\t\t\t\t<div class=\"elementor-element elementor-element-94561c2 elementor-widget elementor-widget-image\" data-id=\"94561c2\" data-element_type=\"widget\" data-e-type=\"widget\" data-widget_type=\"image.default\">\n\t\t\t\t<div class=\"elementor-widget-container\">\n\t\t\t\t\t\t\t\t\t\t\t\t\t\t\t<img decoding=\"async\" width=\"1503\" height=\"1000\" src=\"https:\/\/promatix.de\/wp-content\/uploads\/2025\/03\/PRO_02_Striebel-_02_1web.jpg\" class=\"attachment-1536x1536 size-1536x1536 wp-image-6929\" alt=\"\" srcset=\"https:\/\/promatix.de\/wp-content\/uploads\/2025\/03\/PRO_02_Striebel-_02_1web.jpg 1503w, https:\/\/promatix.de\/wp-content\/uploads\/2025\/03\/PRO_02_Striebel-_02_1web-300x200.jpg 300w, https:\/\/promatix.de\/wp-content\/uploads\/2025\/03\/PRO_02_Striebel-_02_1web-1024x681.jpg 1024w, https:\/\/promatix.de\/wp-content\/uploads\/2025\/03\/PRO_02_Striebel-_02_1web-768x511.jpg 768w, https:\/\/promatix.de\/wp-content\/uploads\/2025\/03\/PRO_02_Striebel-_02_1web-18x12.jpg 18w\" sizes=\"(max-width: 1503px) 100vw, 1503px\" \/>\t\t\t\t\t\t\t\t\t\t\t\t\t\t\t<\/div>\n\t\t\t\t<\/div>\n\t\t\t\t\t<\/div>\n\t\t<\/div>\n\t\t\t\t\t<\/div>\n\t\t<\/section>\n\t\t\t\t<\/div>","protected":false},"excerpt":{"rendered":"<p>\u00dcBER UNS Am Anfang war das Problem\u2026\u2026\u2026\u2026 Als verantwortliches Management bei einem Maschinenbauunternehmen durften sich die Gr\u00fcnder von PROMATIX, Jochen Alt und Hubert Sch\u00f6nle des \u00d6fteren mit Maschinenstillst\u00e4nden bei ihren Kunden auseinandersetzen.Dabei stellte sich h\u00e4ufig heraus, dass die tats\u00e4chlichen Ursachen f\u00fcr die Maschinenstillst\u00e4nde nicht bei den Maschinen zu suchen war, sondern im organisatorischen Umfeld vor [&hellip;]<\/p>\n","protected":false},"author":1,"featured_media":0,"parent":0,"menu_order":0,"comment_status":"closed","ping_status":"closed","template":"elementor_header_footer","meta":{"ocean_post_layout":"full-screen","ocean_both_sidebars_style":"","ocean_both_sidebars_content_width":0,"ocean_both_sidebars_sidebars_width":0,"ocean_sidebar":"0","ocean_second_sidebar":"0","ocean_disable_margins":"on","ocean_add_body_class":"","ocean_shortcode_before_top_bar":"","ocean_shortcode_after_top_bar":"","ocean_shortcode_before_header":"","ocean_shortcode_after_header":"","ocean_has_shortcode":"","ocean_shortcode_after_title":"","ocean_shortcode_before_footer_widgets":"","ocean_shortcode_after_footer_widgets":"","ocean_shortcode_before_footer_bottom":"","ocean_shortcode_after_footer_bottom":"","ocean_display_top_bar":"off","ocean_display_header":"default","ocean_header_style":"","ocean_center_header_left_menu":"0","ocean_custom_header_template":"0","ocean_custom_logo":0,"ocean_custom_retina_logo":0,"ocean_custom_logo_max_width":0,"ocean_custom_logo_tablet_max_width":0,"ocean_custom_logo_mobile_max_width":0,"ocean_custom_logo_max_height":0,"ocean_custom_logo_tablet_max_height":0,"ocean_custom_logo_mobile_max_height":0,"ocean_header_custom_menu":"0","ocean_menu_typo_font_family":"0","ocean_menu_typo_font_subset":"","ocean_menu_typo_font_size":0,"ocean_menu_typo_font_size_tablet":0,"ocean_menu_typo_font_size_mobile":0,"ocean_menu_typo_font_size_unit":"px","ocean_menu_typo_font_weight":"","ocean_menu_typo_font_weight_tablet":"","ocean_menu_typo_font_weight_mobile":"","ocean_menu_typo_transform":"","ocean_menu_typo_transform_tablet":"","ocean_menu_typo_transform_mobile":"","ocean_menu_typo_line_height":0,"ocean_menu_typo_line_height_tablet":0,"ocean_menu_typo_line_height_mobile":0,"ocean_menu_typo_line_height_unit":"","ocean_menu_typo_spacing":0,"ocean_menu_typo_spacing_tablet":0,"ocean_menu_typo_spacing_mobile":0,"ocean_menu_typo_spacing_unit":"","ocean_menu_link_color":"","ocean_menu_link_color_hover":"","ocean_menu_link_color_active":"","ocean_menu_link_background":"","ocean_menu_link_hover_background":"","ocean_menu_link_active_background":"","ocean_menu_social_links_bg":"","ocean_menu_social_hover_links_bg":"","ocean_menu_social_links_color":"","ocean_menu_social_hover_links_color":"","ocean_disable_title":"on","ocean_disable_heading":"default","ocean_post_title":"","ocean_post_subheading":"","ocean_post_title_style":"","ocean_post_title_background_color":"","ocean_post_title_background":0,"ocean_post_title_bg_image_position":"","ocean_post_title_bg_image_attachment":"","ocean_post_title_bg_image_repeat":"","ocean_post_title_bg_image_size":"","ocean_post_title_height":0,"ocean_post_title_bg_overlay":0.5,"ocean_post_title_bg_overlay_color":"","ocean_disable_breadcrumbs":"default","ocean_breadcrumbs_color":"","ocean_breadcrumbs_separator_color":"","ocean_breadcrumbs_links_color":"","ocean_breadcrumbs_links_hover_color":"","ocean_display_footer_widgets":"default","ocean_display_footer_bottom":"default","ocean_custom_footer_template":"0","osh_disable_topbar_sticky":"default","osh_disable_header_sticky":"default","osh_sticky_header_style":"default","osh_sticky_header_effect":"","osh_custom_sticky_logo":0,"osh_custom_retina_sticky_logo":0,"osh_custom_sticky_logo_height":0,"osh_background_color":"","osh_links_color":"","osh_links_hover_color":"","osh_links_active_color":"","osh_links_bg_color":"","osh_links_hover_bg_color":"","osh_links_active_bg_color":"","osh_menu_social_links_color":"","osh_menu_social_hover_links_color":"","footnotes":""},"class_list":["post-67","page","type-page","status-publish","hentry","entry"],"_links":{"self":[{"href":"https:\/\/promatix.de\/en\/wp-json\/wp\/v2\/pages\/67","targetHints":{"allow":["GET"]}}],"collection":[{"href":"https:\/\/promatix.de\/en\/wp-json\/wp\/v2\/pages"}],"about":[{"href":"https:\/\/promatix.de\/en\/wp-json\/wp\/v2\/types\/page"}],"author":[{"embeddable":true,"href":"https:\/\/promatix.de\/en\/wp-json\/wp\/v2\/users\/1"}],"replies":[{"embeddable":true,"href":"https:\/\/promatix.de\/en\/wp-json\/wp\/v2\/comments?post=67"}],"version-history":[{"count":102,"href":"https:\/\/promatix.de\/en\/wp-json\/wp\/v2\/pages\/67\/revisions"}],"predecessor-version":[{"id":6960,"href":"https:\/\/promatix.de\/en\/wp-json\/wp\/v2\/pages\/67\/revisions\/6960"}],"wp:attachment":[{"href":"https:\/\/promatix.de\/en\/wp-json\/wp\/v2\/media?parent=67"}],"curies":[{"name":"wp","href":"https:\/\/api.w.org\/{rel}","templated":true}]}}